{"id":2450,"date":"2024-04-02T10:16:13","date_gmt":"2024-04-02T08:16:13","guid":{"rendered":"https:\/\/projects.bbs-rohrbach.at\/ordertracker\/?page_id=2450"},"modified":"2024-04-02T10:24:17","modified_gmt":"2024-04-02T08:24:17","slug":"impressum","status":"publish","type":"page","link":"https:\/\/projects.bbs-rohrbach.at\/ordertracker\/index.php\/impressum\/","title":{"rendered":"Impressum"},"content":{"rendered":"\t\t<div data-elementor-type=\"wp-page\" data-elementor-id=\"2450\" class=\"elementor elementor-2450\">\n\t\t\t\t\t\t<section class=\"elementor-section elementor-top-section elementor-element elementor-element-57a9488c page-banner elementor-section-full_width elementor-section-height-default elementor-section-height-default\" data-id=\"57a9488c\" data-element_type=\"section\" data-e-type=\"section\" data-settings=\"{&quot;background_background&quot;:&quot;classic&quot;}\">\n\t\t\t\t\t\t\t<div class=\"elementor-background-overlay\"><\/div>\n\t\t\t\t\t\t\t<div class=\"elementor-container elementor-column-gap-default\">\n\t\t\t\t\t<div class=\"elementor-column elementor-col-100 elementor-top-column elementor-element elementor-element-2086e600\" data-id=\"2086e600\" data-element_type=\"column\" data-e-type=\"column\">\n\t\t\t<div class=\"elementor-widget-wrap elementor-element-populated\">\n\t\t\t\t\t\t<div class=\"elementor-element elementor-element-147a4b30 elementor-widget elementor-widget-heading\" data-id=\"147a4b30\" data-element_type=\"widget\" data-e-type=\"widget\" data-widget_type=\"heading.default\">\n\t\t\t\t<div class=\"elementor-widget-container\">\n\t\t\t\t\t<h1 class=\"elementor-heading-title elementor-size-default\">Impressum<\/h1>\t\t\t\t<\/div>\n\t\t\t\t<\/div>\n\t\t\t\t<div class=\"elementor-element elementor-element-1d199b95 elementor-widget__width-initial elementor-widget elementor-widget-text-editor\" data-id=\"1d199b95\" data-element_type=\"widget\" data-e-type=\"widget\" data-widget_type=\"text-editor.default\">\n\t\t\t\t<div class=\"elementor-widget-container\">\n\t\t\t\t\t\t\t\t\t<p>Offenlegung nach dem ECG sowie dem Mediengesetz<\/p>\t\t\t\t\t\t\t\t<\/div>\n\t\t\t\t<\/div>\n\t\t\t\t\t<\/div>\n\t\t<\/div>\n\t\t\t\t\t<\/div>\n\t\t<\/section>\n\t\t<div class=\"elementor-element elementor-element-c706a85 e-flex e-con-boxed e-con e-parent\" data-id=\"c706a85\" data-element_type=\"container\" data-e-type=\"container\">\n\t\t\t\t\t<div class=\"e-con-inner\">\n\t\t<div class=\"elementor-element elementor-element-fabc5ab e-flex e-con-boxed e-con e-child\" data-id=\"fabc5ab\" data-element_type=\"container\" data-e-type=\"container\">\n\t\t\t\t\t<div class=\"e-con-inner\">\n\t\t\t\t<div class=\"elementor-element elementor-element-7c1966b elementor-widget elementor-widget-text-editor\" data-id=\"7c1966b\" data-element_type=\"widget\" data-e-type=\"widget\" data-widget_type=\"text-editor.default\">\n\t\t\t\t<div class=\"elementor-widget-container\">\n\t\t\t\t\t\t\t\t\t<p><\/p><h4 class=\"wp-block-heading\">Erstellt im Zuge des Maturaprojekts \u201eOrderTracker\u201c 2023\/24<\/h4><ul><li>BBS-Rohrbach<\/li><li>Akademiestra\u00dfe 12<\/li><li>4150 Rohrbach-Berg<\/li><\/ul><p>\u00a0<\/p><h4>Vertreten durch:<\/h4><ul><li>Alexander Thorwartl<\/li><li>Alexander Schauer<\/li><li>Alexander Pr\u00fcher<\/li><li>Luca Schmid<\/li><\/ul><p>\u00a0<\/p><h4>Bilder\u00a0 von:<\/h4><ul><li>Luca Schmid<\/li><li>Alexander Thorwartl<\/li><\/ul><p>\u00a0<\/p><h4>Haftungshinweis:<\/h4><p>F\u00fcr die Inhalte der Seite wird keine Haftung \u00fcbernommen. Auch nach sorgf\u00e4ltiger Pr\u00fcfung garantieren wir nicht die Richtigkeit, die Vollst\u00e4ndigkeit und die Aktualit\u00e4t der Texte. Au\u00dferdem sind Texte, Grafiken und Bilder urheberrechtlich gesch\u00fctzt. Eine Verwendung ist nur mit ausdr\u00fccklicher Genehmigung der Websiteinhaber zul\u00e4ssig.<\/p><p><\/p><p>\u00a0<\/p><p><\/p>\t\t\t\t\t\t\t\t<\/div>\n\t\t\t\t<\/div>\n\t\t\t\t\t<\/div>\n\t\t\t\t<\/div>\n\t\t\t\t\t<\/div>\n\t\t\t\t<\/div>\n\t\t\t\t<\/div>\n\t\t","protected":false},"excerpt":{"rendered":"<p>Impressum Offenlegung nach dem ECG sowie dem Mediengesetz Erstellt im Zuge des Maturaprojekts \u201eOrderTracker\u201c 2023\/24 BBS-Rohrbach Akademiestra\u00dfe 12 4150 Rohrbach-Berg \u00a0 Vertreten [&hellip;]<\/p>\n","protected":false},"author":1,"featured_media":0,"parent":0,"menu_order":0,"comment_status":"closed","ping_status":"closed","template":"page-templates\/page_front-page.php","meta":{"footnotes":""},"class_list":["post-2450","page","type-page","status-publish","hentry"],"_links":{"self":[{"href":"https:\/\/projects.bbs-rohrbach.at\/ordertracker\/index.php\/wp-json\/wp\/v2\/pages\/2450","targetHints":{"allow":["GET"]}}],"collection":[{"href":"https:\/\/projects.bbs-rohrbach.at\/ordertracker\/index.php\/wp-json\/wp\/v2\/pages"}],"about":[{"href":"https:\/\/projects.bbs-rohrbach.at\/ordertracker\/index.php\/wp-json\/wp\/v2\/types\/page"}],"author":[{"embeddable":true,"href":"https:\/\/projects.bbs-rohrbach.at\/ordertracker\/index.php\/wp-json\/wp\/v2\/users\/1"}],"replies":[{"embeddable":true,"href":"https:\/\/projects.bbs-rohrbach.at\/ordertracker\/index.php\/wp-json\/wp\/v2\/comments?post=2450"}],"version-history":[{"count":10,"href":"https:\/\/projects.bbs-rohrbach.at\/ordertracker\/index.php\/wp-json\/wp\/v2\/pages\/2450\/revisions"}],"predecessor-version":[{"id":2464,"href":"https:\/\/projects.bbs-rohrbach.at\/ordertracker\/index.php\/wp-json\/wp\/v2\/pages\/2450\/revisions\/2464"}],"wp:attachment":[{"href":"https:\/\/projects.bbs-rohrbach.at\/ordertracker\/index.php\/wp-json\/wp\/v2\/media?parent=2450"}],"curies":[{"name":"wp","href":"https:\/\/api.w.org\/{rel}","templated":true}]}}